{"id":1462,"date":"2023-11-10T12:16:53","date_gmt":"2023-11-10T15:16:53","guid":{"rendered":"https:\/\/greenplay.tananuvem.com\/?page_id=1462"},"modified":"2024-01-11T11:03:53","modified_gmt":"2024-01-11T14:03:53","slug":"promocoes","status":"publish","type":"page","link":"https:\/\/greenplay.com.br\/en\/promocoes\/","title":{"rendered":"Promo\u00e7\u00f5es"},"content":{"rendered":"\t\t<div data-elementor-type=\"wp-page\" data-elementor-id=\"1462\" class=\"elementor elementor-1462\" data-elementor-post-type=\"page\">\n\t\t\t\t<div class=\"elementor-element elementor-element-f3608b9 e-flex e-con-boxed e-con e-parent\" data-id=\"f3608b9\" data-element_type=\"container\" data-e-type=\"container\" data-settings=\"{&quot;background_background&quot;:&quot;classic&quot;}\">\n\t\t\t\t\t<div class=\"e-con-inner\">\n\t\t\t\t<div class=\"elementor-element elementor-element-ab08f1d elementor-widget elementor-widget-heading\" data-id=\"ab08f1d\" data-element_type=\"widget\" data-e-type=\"widget\" data-widget_type=\"heading.default\">\n\t\t\t\t<div class=\"elementor-widget-container\">\n\t\t\t\t\t<h2 class=\"elementor-heading-title elementor-size-default\">promo\u00e7\u00f5es<\/h2>\t\t\t\t<\/div>\n\t\t\t\t<\/div>\n\t\t<div class=\"elementor-element elementor-element-976eafa e-flex e-con-boxed e-con e-child\" data-id=\"976eafa\" data-element_type=\"container\" data-e-type=\"container\" data-settings=\"{&quot;background_background&quot;:&quot;classic&quot;}\">\n\t\t\t\t\t<div class=\"e-con-inner\">\n\t\t\t\t<div class=\"elementor-element elementor-element-3ac6a10 elementor-hidden-mobile elementor-widget elementor-widget-image\" data-id=\"3ac6a10\" data-element_type=\"widget\" data-e-type=\"widget\" data-widget_type=\"image.default\">\n\t\t\t\t<div class=\"elementor-widget-container\">\n\t\t\t\t\t\t\t\t\t\t\t\t\t\t\t<img fetchpriority=\"high\" decoding=\"async\" width=\"1920\" height=\"600\" src=\"https:\/\/greenplay.com.br\/wp-content\/uploads\/2023\/11\/banner-mochila-dk-topo.jpg\" class=\"attachment-full size-full wp-image-1514\" alt=\"\" srcset=\"https:\/\/greenplay.com.br\/wp-content\/uploads\/2023\/11\/banner-mochila-dk-topo.jpg 1920w, https:\/\/greenplay.com.br\/wp-content\/uploads\/2023\/11\/banner-mochila-dk-topo-300x94.jpg 300w, https:\/\/greenplay.com.br\/wp-content\/uploads\/2023\/11\/banner-mochila-dk-topo-1024x320.jpg 1024w, https:\/\/greenplay.com.br\/wp-content\/uploads\/2023\/11\/banner-mochila-dk-topo-768x240.jpg 768w, https:\/\/greenplay.com.br\/wp-content\/uploads\/2023\/11\/banner-mochila-dk-topo-1536x480.jpg 1536w\" sizes=\"(max-width: 1920px) 100vw, 1920px\" \/>\t\t\t\t\t\t\t\t\t\t\t\t\t\t\t<\/div>\n\t\t\t\t<\/div>\n\t\t\t\t<div class=\"elementor-element elementor-element-7880efc elementor-hidden-desktop elementor-hidden-tablet elementor-widget elementor-widget-image\" data-id=\"7880efc\" data-element_type=\"widget\" data-e-type=\"widget\" data-widget_type=\"image.default\">\n\t\t\t\t<div class=\"elementor-widget-container\">\n\t\t\t\t\t\t\t\t\t\t\t\t\t\t\t<img decoding=\"async\" width=\"768\" height=\"600\" src=\"https:\/\/greenplay.com.br\/wp-content\/uploads\/2023\/11\/banner-mochila-dk-mb.jpg\" class=\"attachment-full size-full wp-image-1515\" alt=\"\" srcset=\"https:\/\/greenplay.com.br\/wp-content\/uploads\/2023\/11\/banner-mochila-dk-mb.jpg 768w, https:\/\/greenplay.com.br\/wp-content\/uploads\/2023\/11\/banner-mochila-dk-mb-300x234.jpg 300w\" sizes=\"(max-width: 768px) 100vw, 768px\" \/>\t\t\t\t\t\t\t\t\t\t\t\t\t\t\t<\/div>\n\t\t\t\t<\/div>\n\t\t\t\t\t<\/div>\n\t\t\t\t<\/div>\n\t\t<div class=\"elementor-element elementor-element-9afbf61 e-flex e-con-boxed e-con e-child\" data-id=\"9afbf61\" data-element_type=\"container\" data-e-type=\"container\" data-settings=\"{&quot;background_background&quot;:&quot;classic&quot;}\">\n\t\t\t\t\t<div class=\"e-con-inner\">\n\t\t\t\t<div class=\"elementor-element elementor-element-b3ddd65 elementor-widget elementor-widget-heading\" data-id=\"b3ddd65\" data-element_type=\"widget\" data-e-type=\"widget\" data-widget_type=\"heading.default\">\n\t\t\t\t<div class=\"elementor-widget-container\">\n\t\t\t\t\t<h2 class=\"elementor-heading-title elementor-size-default\">Desperte o seu esp\u00edrito sustent\u00e1vel com a Mochila Green Kameleon!<\/h2>\t\t\t\t<\/div>\n\t\t\t\t<\/div>\n\t\t\t\t<div class=\"elementor-element elementor-element-d501f6b elementor-widget elementor-widget-heading\" data-id=\"d501f6b\" data-element_type=\"widget\" data-e-type=\"widget\" data-widget_type=\"heading.default\">\n\t\t\t\t<div class=\"elementor-widget-container\">\n\t\t\t\t\t<h2 class=\"elementor-heading-title elementor-size-default\">Voc\u00ea n\u00e3o vai querer perder a chance de ganhar essa incr\u00edvel mochila ecol\u00f3gica, confeccionada com pl\u00e1stico reciclado de garrafas pet. <\/h2>\t\t\t\t<\/div>\n\t\t\t\t<\/div>\n\t\t\t\t<div class=\"elementor-element elementor-element-9d04455 elementor-widget elementor-widget-text-editor\" data-id=\"9d04455\" data-element_type=\"widget\" data-e-type=\"widget\" data-widget_type=\"text-editor.default\">\n\t\t\t\t<div class=\"elementor-widget-container\">\n\t\t\t\t\t\t\t\t\t<p>O GreenPlay e a renomada Kameleon Bags se uniram para te proporcionar uma verdadeira onda verde com esta super promo\u00e7\u00e3o! Resultado dia 10 de Fevereiro. Participe e boa\u00a0sorte!<\/p><p>Preencha o formul\u00e1rio com os seus dados e responda \u00e0 pergunta:<\/p>\t\t\t\t\t\t\t\t<\/div>\n\t\t\t\t<\/div>\n\t\t\t\t<div class=\"elementor-element elementor-element-8399d4d elementor-button-align-stretch elementor-widget elementor-widget-form\" data-id=\"8399d4d\" data-element_type=\"widget\" data-e-type=\"widget\" data-settings=\"{&quot;step_next_label&quot;:&quot;Pr\\u00f3ximo&quot;,&quot;step_previous_label&quot;:&quot;Anterior&quot;,&quot;button_width&quot;:&quot;100&quot;,&quot;step_type&quot;:&quot;number_text&quot;,&quot;step_icon_shape&quot;:&quot;circle&quot;}\" data-widget_type=\"form.default\">\n\t\t\t\t<div class=\"elementor-widget-container\">\n\t\t\t\t\t\t\t<form class=\"elementor-form\" method=\"post\" name=\"Novo formul\u00e1rio\" aria-label=\"Novo formul\u00e1rio\">\n\t\t\t<input type=\"hidden\" name=\"post_id\" value=\"1462\"\/>\n\t\t\t<input type=\"hidden\" name=\"form_id\" value=\"8399d4d\"\/>\n\t\t\t<input type=\"hidden\" name=\"referer_title\" value=\"Promo\u00e7\u00f5es - GreenPlay\" \/>\n\n\t\t\t\t\t\t\t<input type=\"hidden\" name=\"queried_id\" value=\"1462\"\/>\n\t\t\t\n\t\t\t<div class=\"elementor-form-fields-wrapper elementor-labels-above\">\n\t\t\t\t\t\t\t\t<div class=\"elementor-field-type-text elementor-field-group elementor-column elementor-field-group-name elementor-col-50 elementor-field-required elementor-mark-required\">\n\t\t\t\t\t\t\t\t\t\t\t\t<label for=\"form-field-name\" class=\"elementor-field-label\">\n\t\t\t\t\t\t\t\tNome Completo\t\t\t\t\t\t\t<\/label>\n\t\t\t\t\t\t\t\t\t\t\t\t\t\t<input size=\"1\" type=\"text\" name=\"form_fields[name]\" id=\"form-field-name\" class=\"elementor-field elementor-size-sm  elementor-field-textual\" required=\"required\">\n\t\t\t\t\t\t\t\t\t\t\t<\/div>\n\t\t\t\t\t\t\t\t<div class=\"elementor-field-type-tel elementor-field-group elementor-column elementor-field-group-field_4367d99 elementor-col-50 elementor-field-required elementor-mark-required\">\n\t\t\t\t\t\t\t\t\t\t\t\t<label for=\"form-field-field_4367d99\" class=\"elementor-field-label\">\n\t\t\t\t\t\t\t\tWhatsApp\t\t\t\t\t\t\t<\/label>\n\t\t\t\t\t\t\t\t<input size=\"1\" type=\"tel\" name=\"form_fields[field_4367d99]\" id=\"form-field-field_4367d99\" class=\"elementor-field elementor-size-sm  elementor-field-textual\" required=\"required\" pattern=\"[0-9()#&amp;+*-=.]+\" title=\"Only numbers and phone characters (#, -, *, etc) are accepted.\">\n\n\t\t\t\t\t\t<\/div>\n\t\t\t\t\t\t\t\t<div class=\"elementor-field-type-email elementor-field-group elementor-column elementor-field-group-email elementor-col-100 elementor-field-required elementor-mark-required\">\n\t\t\t\t\t\t\t\t\t\t\t\t<label for=\"form-field-email\" class=\"elementor-field-label\">\n\t\t\t\t\t\t\t\tE-mail\t\t\t\t\t\t\t<\/label>\n\t\t\t\t\t\t\t\t\t\t\t\t\t\t<input size=\"1\" type=\"email\" name=\"form_fields[email]\" id=\"form-field-email\" class=\"elementor-field elementor-size-sm  elementor-field-textual\" required=\"required\">\n\t\t\t\t\t\t\t\t\t\t\t<\/div>\n\t\t\t\t\t\t\t\t<div class=\"elementor-field-type-radio elementor-field-group elementor-column elementor-field-group-field_f0f7d97 elementor-col-100 elementor-field-required elementor-mark-required\">\n\t\t\t\t\t\t\t\t\t\t\t\t<label for=\"form-field-field_f0f7d97\" class=\"elementor-field-label\">\n\t\t\t\t\t\t\t\tCOM QUANTAS GARRAFAS PET \u00c9 FEITA UMA MOCHILA GREEN KAMELEON?\t\t\t\t\t\t\t<\/label>\n\t\t\t\t\t\t<div class=\"elementor-field-subgroup  elementor-subgroup-inline\"><span class=\"elementor-field-option\"><input type=\"radio\" value=\"12\" id=\"form-field-field_f0f7d97-0\" name=\"form_fields[field_f0f7d97]\" required=\"required\"> <label for=\"form-field-field_f0f7d97-0\">12<\/label><\/span><span class=\"elementor-field-option\"><input type=\"radio\" value=\"24\" id=\"form-field-field_f0f7d97-1\" name=\"form_fields[field_f0f7d97]\" required=\"required\"> <label for=\"form-field-field_f0f7d97-1\">24<\/label><\/span><span class=\"elementor-field-option\"><input type=\"radio\" value=\"48\" id=\"form-field-field_f0f7d97-2\" name=\"form_fields[field_f0f7d97]\" required=\"required\"> <label for=\"form-field-field_f0f7d97-2\">48<\/label><\/span><span class=\"elementor-field-option\"><input type=\"radio\" value=\"60\" id=\"form-field-field_f0f7d97-3\" name=\"form_fields[field_f0f7d97]\" required=\"required\"> <label for=\"form-field-field_f0f7d97-3\">60<\/label><\/span><\/div>\t\t\t\t<\/div>\n\t\t\t\t\t\t\t\t<div class=\"elementor-field-type-acceptance elementor-field-group elementor-column elementor-field-group-field_a993736 elementor-col-100 elementor-field-required elementor-mark-required\">\n\t\t\t\t\t\t\t<div class=\"elementor-field-subgroup\">\n\t\t\t<span class=\"elementor-field-option\">\n\t\t\t\t<input type=\"checkbox\" name=\"form_fields[field_a993736]\" id=\"form-field-field_a993736\" class=\"elementor-field elementor-size-sm  elementor-acceptance-field\" required=\"required\" checked=\"checked\">\n\t\t\t\t<label for=\"form-field-field_a993736\"><a href=\"https:\/\/greenplay.com.br\/termos-de-uso-politica-de-privacidade-e-de-cookies\/\" target=\"_blank\" style=\"color: #00440C\"> Aceito os termos do site<\/a><\/label>\t\t\t<\/span>\n\t\t<\/div>\n\t\t\t\t\t\t<\/div>\n\t\t\t\t\t\t\t\t<div class=\"elementor-field-group elementor-column elementor-field-type-submit elementor-col-100 e-form__buttons\">\n\t\t\t\t\t<button class=\"elementor-button elementor-size-sm\" type=\"submit\">\n\t\t\t\t\t\t<span class=\"elementor-button-content-wrapper\">\n\t\t\t\t\t\t\t\t\t\t\t\t\t\t\t\t\t\t\t\t\t\t<span class=\"elementor-button-text\">ENVIAR<\/span>\n\t\t\t\t\t\t\t\t\t\t\t\t\t<\/span>\n\t\t\t\t\t<\/button>\n\t\t\t\t<\/div>\n\t\t\t<\/div>\n\t\t<\/form>\n\t\t\t\t\t\t<\/div>\n\t\t\t\t<\/div>\n\t\t\t\t<div class=\"elementor-element elementor-element-2a56841 elementor-widget elementor-widget-text-editor\" data-id=\"2a56841\" data-element_type=\"widget\" data-e-type=\"widget\" data-widget_type=\"text-editor.default\">\n\t\t\t\t<div class=\"elementor-widget-container\">\n\t\t\t\t\t\t\t\t\t<p>As respostas certas t\u00eam a chance de ganhar essa mochila exclusiva que est\u00e1 pronta para impressionar todos com o estilo sustent\u00e1vel do momento.\u00a0N\u00e3o perca a oportunidade de fazer parte dessa jornada ecol\u00f3gica com Kameleon Bags: onde o jogo \u00e9 verde!<\/p>\t\t\t\t\t\t\t\t<\/div>\n\t\t\t\t<\/div>\n\t\t\t\t\t<\/div>\n\t\t\t\t<\/div>\n\t\t\t\t\t<\/div>\n\t\t\t\t<\/div>\n\t\t<div class=\"elementor-element elementor-element-fd556dd e-flex e-con-boxed e-con e-parent\" data-id=\"fd556dd\" data-element_type=\"container\" data-e-type=\"container\" data-settings=\"{&quot;background_background&quot;:&quot;classic&quot;}\">\n\t\t\t\t\t<div class=\"e-con-inner\">\n\t\t\t\t<div class=\"elementor-element elementor-element-0314632 elementor-hidden-mobile elementor-widget elementor-widget-shortcode\" data-id=\"0314632\" data-element_type=\"widget\" data-e-type=\"widget\" data-widget_type=\"shortcode.default\">\n\t\t\t\t<div class=\"elementor-widget-container\">\n\t\t\t\t\t\t\t<div class=\"elementor-shortcode\"><\/div>\n\t\t\t\t\t\t<\/div>\n\t\t\t\t<\/div>\n\t\t\t\t<div class=\"elementor-element elementor-element-daf6024 elementor-hidden-desktop elementor-hidden-tablet elementor-widget elementor-widget-shortcode\" data-id=\"daf6024\" data-element_type=\"widget\" data-e-type=\"widget\" data-widget_type=\"shortcode.default\">\n\t\t\t\t<div class=\"elementor-widget-container\">\n\t\t\t\t\t\t\t<div class=\"elementor-shortcode\"><\/div>\n\t\t\t\t\t\t<\/div>\n\t\t\t\t<\/div>\n\t\t\t\t\t<\/div>\n\t\t\t\t<\/div>\n\t\t\t\t<\/div>\n\t\t","protected":false},"excerpt":{"rendered":"<p>promo\u00e7\u00f5es Desperte o seu esp\u00edrito sustent\u00e1vel com a Mochila Green Kameleon! Voc\u00ea n\u00e3o vai querer perder a chance de ganhar essa incr\u00edvel mochila ecol\u00f3gica, confeccionada com pl\u00e1stico reciclado de garrafas [&hellip;]<\/p>\n","protected":false},"author":1,"featured_media":0,"parent":0,"menu_order":0,"comment_status":"closed","ping_status":"closed","template":"elementor_header_footer","meta":{"footnotes":""},"class_list":["post-1462","page","type-page","status-publish","hentry"],"_links":{"self":[{"href":"https:\/\/greenplay.com.br\/en\/wp-json\/wp\/v2\/pages\/1462","targetHints":{"allow":["GET"]}}],"collection":[{"href":"https:\/\/greenplay.com.br\/en\/wp-json\/wp\/v2\/pages"}],"about":[{"href":"https:\/\/greenplay.com.br\/en\/wp-json\/wp\/v2\/types\/page"}],"author":[{"embeddable":true,"href":"https:\/\/greenplay.com.br\/en\/wp-json\/wp\/v2\/users\/1"}],"replies":[{"embeddable":true,"href":"https:\/\/greenplay.com.br\/en\/wp-json\/wp\/v2\/comments?post=1462"}],"version-history":[{"count":49,"href":"https:\/\/greenplay.com.br\/en\/wp-json\/wp\/v2\/pages\/1462\/revisions"}],"predecessor-version":[{"id":2210,"href":"https:\/\/greenplay.com.br\/en\/wp-json\/wp\/v2\/pages\/1462\/revisions\/2210"}],"wp:attachment":[{"href":"https:\/\/greenplay.com.br\/en\/wp-json\/wp\/v2\/media?parent=1462"}],"curies":[{"name":"wp","href":"https:\/\/api.w.org\/{rel}","templated":true}]}}