{"id":1524,"date":"2023-11-13T11:03:06","date_gmt":"2023-11-13T14:03:06","guid":{"rendered":"https:\/\/greenplay.tananuvem.com\/?page_id=1524"},"modified":"2024-01-11T11:01:37","modified_gmt":"2024-01-11T14:01:37","slug":"quem-somos","status":"publish","type":"page","link":"https:\/\/greenplay.com.br\/en\/quem-somos\/","title":{"rendered":"Quem Somos"},"content":{"rendered":"<div data-elementor-type=\"wp-page\" data-elementor-id=\"1524\" class=\"elementor elementor-1524\" data-elementor-post-type=\"page\">\n\t\t\t\t<div class=\"elementor-element elementor-element-f3608b9 e-flex e-con-boxed e-con e-parent\" data-id=\"f3608b9\" data-element_type=\"container\" data-e-type=\"container\" data-settings=\"{&quot;background_background&quot;:&quot;classic&quot;}\">\n\t\t\t\t\t<div class=\"e-con-inner\">\n\t\t\t\t<div class=\"elementor-element elementor-element-ab08f1d elementor-widget elementor-widget-heading\" data-id=\"ab08f1d\" data-element_type=\"widget\" data-e-type=\"widget\" data-widget_type=\"heading.default\">\n\t\t\t\t<div class=\"elementor-widget-container\">\n\t\t\t\t\t<h2 class=\"elementor-heading-title elementor-size-default\">quem somos<\/h2>\t\t\t\t<\/div>\n\t\t\t\t<\/div>\n\t\t<div class=\"elementor-element elementor-element-976eafa e-flex e-con-boxed e-con e-child\" data-id=\"976eafa\" data-element_type=\"container\" data-e-type=\"container\" data-settings=\"{&quot;background_background&quot;:&quot;classic&quot;}\">\n\t\t\t\t\t<div class=\"e-con-inner\">\n\t\t\t\t<div class=\"elementor-element elementor-element-3ac6a10 elementor-hidden-mobile elementor-widget elementor-widget-image\" data-id=\"3ac6a10\" data-element_type=\"widget\" data-e-type=\"widget\" data-widget_type=\"image.default\">\n\t\t\t\t<div class=\"elementor-widget-container\">\n\t\t\t\t\t\t\t\t\t\t\t\t\t\t\t<img fetchpriority=\"high\" decoding=\"async\" width=\"1920\" height=\"600\" src=\"https:\/\/greenplay.com.br\/wp-content\/uploads\/2024\/01\/banner-quem2-min.jpg\" class=\"attachment-full size-full wp-image-2203\" alt=\"\" srcset=\"https:\/\/greenplay.com.br\/wp-content\/uploads\/2024\/01\/banner-quem2-min.jpg 1920w, https:\/\/greenplay.com.br\/wp-content\/uploads\/2024\/01\/banner-quem2-min-300x94.jpg 300w, https:\/\/greenplay.com.br\/wp-content\/uploads\/2024\/01\/banner-quem2-min-1024x320.jpg 1024w, https:\/\/greenplay.com.br\/wp-content\/uploads\/2024\/01\/banner-quem2-min-768x240.jpg 768w, https:\/\/greenplay.com.br\/wp-content\/uploads\/2024\/01\/banner-quem2-min-1536x480.jpg 1536w, https:\/\/greenplay.com.br\/wp-content\/uploads\/2024\/01\/banner-quem2-min-18x6.jpg 18w\" sizes=\"(max-width: 1920px) 100vw, 1920px\" \/>\t\t\t\t\t\t\t\t\t\t\t\t\t\t\t<\/div>\n\t\t\t\t<\/div>\n\t\t\t\t<div class=\"elementor-element elementor-element-7880efc elementor-hidden-desktop elementor-hidden-tablet elementor-widget elementor-widget-image\" data-id=\"7880efc\" data-element_type=\"widget\" data-e-type=\"widget\" data-widget_type=\"image.default\">\n\t\t\t\t<div class=\"elementor-widget-container\">\n\t\t\t\t\t\t\t\t\t\t\t\t\t\t\t<img decoding=\"async\" width=\"768\" height=\"600\" src=\"https:\/\/greenplay.com.br\/wp-content\/uploads\/2024\/01\/banner-quem-mb2-min.jpg\" class=\"attachment-full size-full wp-image-2204\" alt=\"\" srcset=\"https:\/\/greenplay.com.br\/wp-content\/uploads\/2024\/01\/banner-quem-mb2-min.jpg 768w, https:\/\/greenplay.com.br\/wp-content\/uploads\/2024\/01\/banner-quem-mb2-min-300x234.jpg 300w, https:\/\/greenplay.com.br\/wp-content\/uploads\/2024\/01\/banner-quem-mb2-min-15x12.jpg 15w\" sizes=\"(max-width: 768px) 100vw, 768px\" \/>\t\t\t\t\t\t\t\t\t\t\t\t\t\t\t<\/div>\n\t\t\t\t<\/div>\n\t\t\t\t\t<\/div>\n\t\t\t\t<\/div>\n\t\t<div class=\"elementor-element elementor-element-9afbf61 e-flex e-con-boxed e-con e-child\" data-id=\"9afbf61\" data-element_type=\"container\" data-e-type=\"container\" data-settings=\"{&quot;background_background&quot;:&quot;classic&quot;}\">\n\t\t\t\t\t<div class=\"e-con-inner\">\n\t\t\t\t<div class=\"elementor-element elementor-element-b3ddd65 elementor-widget elementor-widget-heading\" data-id=\"b3ddd65\" data-element_type=\"widget\" data-e-type=\"widget\" data-widget_type=\"heading.default\">\n\t\t\t\t<div class=\"elementor-widget-container\">\n\t\t\t\t\t<h2 class=\"elementor-heading-title elementor-size-default\">Desperte seu entusiasmo pela sustentabilidade com a GREEN PLAY<\/h2>\t\t\t\t<\/div>\n\t\t\t\t<\/div>\n\t\t\t\t<div class=\"elementor-element elementor-element-d501f6b elementor-widget elementor-widget-heading\" data-id=\"d501f6b\" data-element_type=\"widget\" data-e-type=\"widget\" data-widget_type=\"heading.default\">\n\t\t\t\t<div class=\"elementor-widget-container\">\n\t\t\t\t\t<h2 class=\"elementor-heading-title elementor-size-default\">Uma plataforma que vai muito al\u00e9m das palavras da m\u00eddia. Em um mundo onde a sustentabilidade \u00e9 a conversa do momento, \u00e9 crucial n\u00e3o apenas entender, mas se envolver ativamente nesse movimento que est\u00e1 moldando nosso futuro.<\/h2>\t\t\t\t<\/div>\n\t\t\t\t<\/div>\n\t\t\t\t<div class=\"elementor-element elementor-element-9d04455 elementor-widget elementor-widget-text-editor\" data-id=\"9d04455\" data-element_type=\"widget\" data-e-type=\"widget\" data-widget_type=\"text-editor.default\">\n\t\t\t\t<div class=\"elementor-widget-container\">\n\t\t\t\t\t\t\t\t\t<p>A GREEN PLAY se apresenta como a solu\u00e7\u00e3o, uma plataforma digital feita sob medida para um p\u00fablico maduro, descolado, formador de opini\u00e3o e \u00e1vido por conte\u00fado de qualidade. Estamos aqui para abrir as portas de um estilo de vida sustent\u00e1vel e envolvente.<\/p><p>Como fazemos isso? Usamos entretenimento e m\u00fasica como nossa linguagem universal. Com clareza, energia vibrante e positividade contagiante, mantemos dist\u00e2ncia de extremos, oferecendo informa\u00e7\u00f5es pr\u00e1ticas e se tornando a voz confi\u00e1vel da sustentabilidade.<\/p><p>Nosso conte\u00fado \u00e9 insuper\u00e1vel. Prepare-se para boletins jornal\u00edsticos impactantes, colunistas, podcasts, talk show, muita m\u00fasica e intera\u00e7\u00f5es empolgantes que promovem a sustentabilidade, qualidade de vida e a\u00e7\u00f5es sociais.<\/p><p>Conhe\u00e7a o vision\u00e1rio por tr\u00e1s da GREEN PLAY, Cadu Previero.\u00a0 Renomado locutor, jornalista, publicit\u00e1rio e apresentador que traz sua paix\u00e3o pela sustentabilidade para esta jornada.\u00a0<\/p><p>Desde janeiro de 1995, Cadu tem sido uma presen\u00e7a marcante nos microfones da 89 A R\u00e1dio Rock, a principal emissora de r\u00e1dio voltada para o rock no Brasil. Ele tamb\u00e9m contribuiu para projetos nas r\u00e1dios Mitsubishi FM e Coca Cola FM, e teve experi\u00eancias na TV Globo e na AllTV. Hoje tamb\u00e9m atua como locutor de chamadas do SBT.<\/p><p>Nosso portal de internet oferece uma dose saud\u00e1vel de divers\u00e3o, entrevistas de alto n\u00edvel e uma variedade de m\u00fasicas, incluindo podcasts exclusivos, v\u00eddeos in\u00e9ditos e not\u00edcias di\u00e1rias sobre o universo sustent\u00e1vel.<\/p><p>Tudo isso e muito mais estar\u00e1 dispon\u00edvel pra voc\u00ea aqui no GreenPlay.<\/p>\t\t\t\t\t\t\t\t<\/div>\n\t\t\t\t<\/div>\n\t\t\t\t\t<\/div>\n\t\t\t\t<\/div>\n\t\t\t\t\t<\/div>\n\t\t\t\t<\/div>\n\t\t<div class=\"elementor-element elementor-element-fd556dd e-flex e-con-boxed e-con e-parent\" data-id=\"fd556dd\" data-element_type=\"container\" data-e-type=\"container\" data-settings=\"{&quot;background_background&quot;:&quot;classic&quot;}\">\n\t\t\t\t\t<div class=\"e-con-inner\">\n\t\t\t\t<div class=\"elementor-element elementor-element-0314632 elementor-hidden-mobile elementor-widget elementor-widget-shortcode\" data-id=\"0314632\" data-element_type=\"widget\" data-e-type=\"widget\" data-widget_type=\"shortcode.default\">\n\t\t\t\t<div class=\"elementor-widget-container\">\n\t\t\t\t\t\t\t<div class=\"elementor-shortcode\"><\/div>\n\t\t\t\t\t\t<\/div>\n\t\t\t\t<\/div>\n\t\t\t\t<div class=\"elementor-element elementor-element-daf6024 elementor-hidden-desktop elementor-hidden-tablet elementor-widget elementor-widget-shortcode\" data-id=\"daf6024\" data-element_type=\"widget\" data-e-type=\"widget\" data-widget_type=\"shortcode.default\">\n\t\t\t\t<div class=\"elementor-widget-container\">\n\t\t\t\t\t\t\t<div class=\"elementor-shortcode\"><\/div>\n\t\t\t\t\t\t<\/div>\n\t\t\t\t<\/div>\n\t\t\t\t\t<\/div>\n\t\t\t\t<\/div>\n\t\t\t\t<\/div>","protected":false},"excerpt":{"rendered":"<p>quem somos Desperte seu entusiasmo pela sustentabilidade com a GREEN PLAY Uma plataforma que vai muito al\u00e9m das palavras da m\u00eddia. Em um mundo onde a sustentabilidade \u00e9 a conversa [&hellip;]<\/p>\n","protected":false},"author":1,"featured_media":0,"parent":0,"menu_order":0,"comment_status":"closed","ping_status":"closed","template":"elementor_header_footer","meta":{"footnotes":""},"class_list":["post-1524","page","type-page","status-publish","hentry"],"_links":{"self":[{"href":"https:\/\/greenplay.com.br\/en\/wp-json\/wp\/v2\/pages\/1524","targetHints":{"allow":["GET"]}}],"collection":[{"href":"https:\/\/greenplay.com.br\/en\/wp-json\/wp\/v2\/pages"}],"about":[{"href":"https:\/\/greenplay.com.br\/en\/wp-json\/wp\/v2\/types\/page"}],"author":[{"embeddable":true,"href":"https:\/\/greenplay.com.br\/en\/wp-json\/wp\/v2\/users\/1"}],"replies":[{"embeddable":true,"href":"https:\/\/greenplay.com.br\/en\/wp-json\/wp\/v2\/comments?post=1524"}],"version-history":[{"count":16,"href":"https:\/\/greenplay.com.br\/en\/wp-json\/wp\/v2\/pages\/1524\/revisions"}],"predecessor-version":[{"id":2207,"href":"https:\/\/greenplay.com.br\/en\/wp-json\/wp\/v2\/pages\/1524\/revisions\/2207"}],"wp:attachment":[{"href":"https:\/\/greenplay.com.br\/en\/wp-json\/wp\/v2\/media?parent=1524"}],"curies":[{"name":"wp","href":"https:\/\/api.w.org\/{rel}","templated":true}]}}